{"id":11296,"date":"2025-08-20T21:40:17","date_gmt":"2025-08-20T21:40:17","guid":{"rendered":"https:\/\/freediving-uvita.com\/sobre-nosotros\/"},"modified":"2026-02-05T20:15:19","modified_gmt":"2026-02-05T20:15:19","slug":"sobre-nosotros","status":"publish","type":"page","link":"https:\/\/freediving-uvita.com\/es\/sobre-nosotros\/","title":{"rendered":"Sobre Nosotros"},"content":{"rendered":"\t\t<div data-elementor-type=\"wp-page\" data-elementor-id=\"11296\" class=\"elementor elementor-11296 elementor-11128\" data-elementor-post-type=\"page\">\n\t\t\t\t<div class=\"elementor-element elementor-element-24e643f e-flex e-con-boxed e-con e-parent\" data-id=\"24e643f\" data-element_type=\"container\" data-e-type=\"container\" data-settings=\"{&quot;jet_parallax_layout_list&quot;:[]}\">\n\t\t\t\t\t<div class=\"e-con-inner\">\n\t\t\t\t<div class=\"elementor-element elementor-element-50456db elementor-widget elementor-widget-heading\" data-id=\"50456db\" data-element_type=\"widget\" data-e-type=\"widget\" data-widget_type=\"heading.default\">\n\t\t\t\t\t<h2 class=\"elementor-heading-title elementor-size-default\">Nuestra Misi\u00f3n<\/h2>\t\t\t\t<\/div>\n\t\t\t\t<div class=\"elementor-element elementor-element-1da07d4 elementor-widget elementor-widget-text-editor\" data-id=\"1da07d4\" data-element_type=\"widget\" data-e-type=\"widget\" data-widget_type=\"text-editor.default\">\n\t\t\t\t\t\t\t\t\t<p>En Freediving Uvita, la seguridad<span style=\"font-weight: 400;\"> est\u00e1 en el coraz\u00f3n de todo lo que hacemos. Nuestra misi\u00f3n es apoyar el  <\/span>crecimiento responsable del buceo libre en Costa Rica mientras construimos una comunidad fuerte y conectada en Uvita y m\u00e1s all\u00e1.<\/p><p>Creemos en crear un impacto real, desde ense\u00f1ar a las personas a sentirse confiadas y tranquilas en el oc\u00e9ano hasta fomentar la pesca submarina responsable.<span style=\"font-weight: 400;\">. Como miembros activos de la <\/span>Federaci\u00f3n Costarricense de Buceo Libre, participamos con orgullo en competencias nacionales y apoyamos el desarrollo del deporte en todo el pa\u00eds.<\/p><p>A trav\u00e9s de nuestro proyecto de piscina semi-ol\u00edmpica, estamos invirtiendo en el futuro al ofrecer un espacio para ni\u00f1os, atletas y la comunidad local para aprender, entrenar y prosperar.<span style=\"font-weight: 400;\"><br><\/span> Nuestro objetivo es simple: ayudar a las personas a superar el miedo, conectarse profundamente con el oc\u00e9ano y crecer juntos de manera segura, responsable y con prop\u00f3sito.<\/p>\t\t\t\t\t\t\t\t<\/div>\n\t\t\t\t\t<\/div>\n\t\t\t\t<\/div>\n\t\t<div class=\"elementor-element elementor-element-febbeb6 e-flex e-con-boxed e-con e-parent\" data-id=\"febbeb6\" data-element_type=\"container\" data-e-type=\"container\" data-settings=\"{&quot;jet_parallax_layout_list&quot;:[]}\">\n\t\t\t\t\t<div class=\"e-con-inner\">\n\t\t\t\t<div class=\"elementor-element elementor-element-c78cf98 elementor-widget__width-initial elementor-widget elementor-widget-heading\" data-id=\"c78cf98\" data-element_type=\"widget\" data-e-type=\"widget\" data-widget_type=\"heading.default\">\n\t\t\t\t\t<div class=\"elementor-heading-title elementor-size-default\">Cont\u00e1ctenos<\/div>\t\t\t\t<\/div>\n\t\t\t\t<div class=\"elementor-element elementor-element-f91d318 elementor-shape-rounded elementor-grid-0 e-grid-align-center elementor-widget elementor-widget-social-icons\" data-id=\"f91d318\" data-element_type=\"widget\" data-e-type=\"widget\" data-widget_type=\"social-icons.default\">\n\t\t\t\t\t\t\t<div class=\"elementor-social-icons-wrapper elementor-grid\" role=\"list\">\n\t\t\t\t\t\t\t<span class=\"elementor-grid-item\" role=\"listitem\">\n\t\t\t\t\t<a class=\"elementor-icon elementor-social-icon elementor-social-icon-whatsapp elementor-repeater-item-e12c28d\" href=\"https:\/\/api.whatsapp.com\/send?phone=50663681783\" target=\"_blank\">\n\t\t\t\t\t\t<span class=\"elementor-screen-only\">Whatsapp<\/span>\n\t\t\t\t\t\t<svg aria-hidden=\"true\" class=\"e-font-icon-svg e-fab-whatsapp\" viewBox=\"0 0 448 512\" xmlns=\"http:\/\/www.w3.org\/2000\/svg\"><path d=\"M380.9 97.1C339 55.1 283.2 32 223.9 32c-122.4 0-222 99.6-222 222 0 39.1 10.2 77.3 29.6 111L0 480l117.7-30.9c32.4 17.7 68.9 27 106.1 27h.1c122.3 0 224.1-99.6 224.1-222 0-59.3-25.2-115-67.1-157zm-157 341.6c-33.2 0-65.7-8.9-94-25.7l-6.7-4-69.8 18.3L72 359.2l-4.4-7c-18.5-29.4-28.2-63.3-28.2-98.2 0-101.7 82.8-184.5 184.6-184.5 49.3 0 95.6 19.2 130.4 54.1 34.8 34.9 56.2 81.2 56.1 130.5 0 101.8-84.9 184.6-186.6 184.6zm101.2-138.2c-5.5-2.8-32.8-16.2-37.9-18-5.1-1.9-8.8-2.8-12.5 2.8-3.7 5.6-14.3 18-17.6 21.8-3.2 3.7-6.5 4.2-12 1.4-32.6-16.3-54-29.1-75.5-66-5.7-9.8 5.7-9.1 16.3-30.3 1.8-3.7.9-6.9-.5-9.7-1.4-2.8-12.5-30.1-17.1-41.2-4.5-10.8-9.1-9.3-12.5-9.5-3.2-.2-6.9-.2-10.6-.2-3.7 0-9.7 1.4-14.8 6.9-5.1 5.6-19.4 19-19.4 46.3 0 27.3 19.9 53.7 22.6 57.4 2.8 3.7 39.1 59.7 94.8 83.8 35.2 15.2 49 16.5 66.6 13.9 10.7-1.6 32.8-13.4 37.4-26.4 4.6-13 4.6-24.1 3.2-26.4-1.3-2.5-5-3.9-10.5-6.6z\"><\/path><\/svg>\t\t\t\t\t<\/a>\n\t\t\t\t<\/span>\n\t\t\t\t\t\t\t<span class=\"elementor-grid-item\" role=\"listitem\">\n\t\t\t\t\t<a class=\"elementor-icon elementor-social-icon elementor-social-icon-envelope elementor-repeater-item-4dbbc80\" href=\"#elementor-action%3Aaction%3Dpopup%3Aopen%26settings%3DeyJpZCI6IjExMTM3IiwidG9nZ2xlIjpmYWxzZX0%3D\" target=\"_blank\">\n\t\t\t\t\t\t<span class=\"elementor-screen-only\">Envelope<\/span>\n\t\t\t\t\t\t<svg aria-hidden=\"true\" class=\"e-font-icon-svg e-fas-envelope\" viewBox=\"0 0 512 512\" xmlns=\"http:\/\/www.w3.org\/2000\/svg\"><path d=\"M502.3 190.8c3.9-3.1 9.7-.2 9.7 4.7V400c0 26.5-21.5 48-48 48H48c-26.5 0-48-21.5-48-48V195.6c0-5 5.7-7.8 9.7-4.7 22.4 17.4 52.1 39.5 154.1 113.6 21.1 15.4 56.7 47.8 92.2 47.6 35.7.3 72-32.8 92.3-47.6 102-74.1 131.6-96.3 154-113.7zM256 320c23.2.4 56.6-29.2 73.4-41.4 132.7-96.3 142.8-104.7 173.4-128.7 5.8-4.5 9.2-11.5 9.2-18.9v-19c0-26.5-21.5-48-48-48H48C21.5 64 0 85.5 0 112v19c0 7.4 3.4 14.3 9.2 18.9 30.6 23.9 40.7 32.4 173.4 128.7 16.8 12.2 50.2 41.8 73.4 41.4z\"><\/path><\/svg>\t\t\t\t\t<\/a>\n\t\t\t\t<\/span>\n\t\t\t\t\t\t\t<span class=\"elementor-grid-item\" role=\"listitem\">\n\t\t\t\t\t<a class=\"elementor-icon elementor-social-icon elementor-social-icon-instagram elementor-repeater-item-cb51cac\" href=\"https:\/\/www.instagram.com\/freediving_uvita\/br\/br\/\" target=\"_blank\">\n\t\t\t\t\t\t<span class=\"elementor-screen-only\">Instagram<\/span>\n\t\t\t\t\t\t<svg aria-hidden=\"true\" class=\"e-font-icon-svg e-fab-instagram\" viewBox=\"0 0 448 512\" xmlns=\"http:\/\/www.w3.org\/2000\/svg\"><path d=\"M224.1 141c-63.6 0-114.9 51.3-114.9 114.9s51.3 114.9 114.9 114.9S339 319.5 339 255.9 287.7 141 224.1 141zm0 189.6c-41.1 0-74.7-33.5-74.7-74.7s33.5-74.7 74.7-74.7 74.7 33.5 74.7 74.7-33.6 74.7-74.7 74.7zm146.4-194.3c0 14.9-12 26.8-26.8 26.8-14.9 0-26.8-12-26.8-26.8s12-26.8 26.8-26.8 26.8 12 26.8 26.8zm76.1 27.2c-1.7-35.9-9.9-67.7-36.2-93.9-26.2-26.2-58-34.4-93.9-36.2-37-2.1-147.9-2.1-184.9 0-35.8 1.7-67.6 9.9-93.9 36.1s-34.4 58-36.2 93.9c-2.1 37-2.1 147.9 0 184.9 1.7 35.9 9.9 67.7 36.2 93.9s58 34.4 93.9 36.2c37 2.1 147.9 2.1 184.9 0 35.9-1.7 67.7-9.9 93.9-36.2 26.2-26.2 34.4-58 36.2-93.9 2.1-37 2.1-147.8 0-184.8zM398.8 388c-7.8 19.6-22.9 34.7-42.6 42.6-29.5 11.7-99.5 9-132.1 9s-102.7 2.6-132.1-9c-19.6-7.8-34.7-22.9-42.6-42.6-11.7-29.5-9-99.5-9-132.1s-2.6-102.7 9-132.1c7.8-19.6 22.9-34.7 42.6-42.6 29.5-11.7 99.5-9 132.1-9s102.7-2.6 132.1 9c19.6 7.8 34.7 22.9 42.6 42.6 11.7 29.5 9 99.5 9 132.1s2.7 102.7-9 132.1z\"><\/path><\/svg>\t\t\t\t\t<\/a>\n\t\t\t\t<\/span>\n\t\t\t\t\t<\/div>\n\t\t\t\t\t\t<\/div>\n\t\t\t\t\t<\/div>\n\t\t\t\t<\/div>\n\t\t<div class=\"elementor-element elementor-element-07c8e86 e-flex e-con-boxed e-con e-parent\" data-id=\"07c8e86\" data-element_type=\"container\" data-e-type=\"container\" data-settings=\"{&quot;jet_parallax_layout_list&quot;:[]}\">\n\t\t\t\t\t<div class=\"e-con-inner\">\n\t\t\t\t<div class=\"elementor-element elementor-element-c15a49f elementor-widget elementor-widget-heading\" data-id=\"c15a49f\" data-element_type=\"widget\" data-e-type=\"widget\" data-widget_type=\"heading.default\">\n\t\t\t\t\t<h2 class=\"elementor-heading-title elementor-size-default\">Nuestro Equipo<\/h2>\t\t\t\t<\/div>\n\t\t\t\t\t<\/div>\n\t\t\t\t<\/div>\n\t\t<div class=\"elementor-element elementor-element-45bf827 e-flex e-con-boxed e-con e-parent\" data-id=\"45bf827\" data-element_type=\"container\" data-e-type=\"container\" data-settings=\"{&quot;jet_parallax_layout_list&quot;:[]}\">\n\t\t\t\t\t<div class=\"e-con-inner\">\n\t\t<div class=\"elementor-element elementor-element-2458df9 e-con-full e-flex e-con e-child\" data-id=\"2458df9\" data-element_type=\"container\" data-e-type=\"container\" data-settings=\"{&quot;jet_parallax_layout_list&quot;:[]}\">\n\t\t\t\t<div class=\"elementor-element elementor-element-4f9e99d elementor-widget elementor-widget-heading\" data-id=\"4f9e99d\" data-element_type=\"widget\" data-e-type=\"widget\" data-widget_type=\"heading.default\">\n\t\t\t\t\t<h2 class=\"elementor-heading-title elementor-size-default\">Sylvain<\/h2>\t\t\t\t<\/div>\n\t\t\t\t<div class=\"elementor-element elementor-element-3457472 elementor-widget elementor-widget-image\" data-id=\"3457472\" data-element_type=\"widget\" data-e-type=\"widget\" data-widget_type=\"image.default\">\n\t\t\t\t\t\t\t\t\t\t\t\t\t\t\t<img fetchpriority=\"high\" decoding=\"async\" width=\"623\" height=\"747\" src=\"https:\/\/freediving-uvita.com\/wp-content\/uploads\/2025\/08\/Captura-de-pantalla_26-8-2025_72858_docs.google.com_.jpeg\" class=\"attachment-large size-large wp-image-11299\" alt=\"\" srcset=\"https:\/\/freediving-uvita.com\/wp-content\/uploads\/2025\/08\/Captura-de-pantalla_26-8-2025_72858_docs.google.com_.jpeg 623w, https:\/\/freediving-uvita.com\/wp-content\/uploads\/2025\/08\/Captura-de-pantalla_26-8-2025_72858_docs.google.com_-250x300.jpeg 250w\" sizes=\"(max-width: 623px) 100vw, 623px\" \/>\t\t\t\t\t\t\t\t\t\t\t\t\t\t\t<\/div>\n\t\t\t\t<\/div>\n\t\t<div class=\"elementor-element elementor-element-d05d7b5 e-con-full e-flex e-con e-child\" data-id=\"d05d7b5\" data-element_type=\"container\" data-e-type=\"container\" data-settings=\"{&quot;jet_parallax_layout_list&quot;:[]}\">\n\t\t\t\t<div class=\"elementor-element elementor-element-8cfd053 elementor-widget__width-initial elementor-widget elementor-widget-text-editor\" data-id=\"8cfd053\" data-element_type=\"widget\" data-e-type=\"widget\" data-widget_type=\"text-editor.default\">\n\t\t\t\t\t\t\t\t\t<p>Creciendo en los hermosos, pero a menudo fr\u00edos, paisajes de B\u00e9lgica, Sylvain siempre sinti\u00f3 un profundo deseo de explorar el mundo y descubrir nuevos horizontes. Despu\u00e9s de obtener su t\u00edtulo en gesti\u00f3n, emprendi\u00f3 un viaje de seis a\u00f1os alrededor del mundo, impulsado por la curiosidad y una pasi\u00f3n por la aventura. <\/p><p>Su primer paso hacia una carrera acu\u00e1tica fue convertirse en instructor de buceo altamente calificado. A partir de ah\u00ed, un camino llev\u00f3 naturalmente al siguiente: fotograf\u00eda y videograf\u00eda submarina, donde desarroll\u00f3 un ojo refinado para capturar la belleza y complejidad de la vida marina. <\/p><p>Hace un a\u00f1o, despu\u00e9s de explorar cada rinc\u00f3n de Costa Rica, Sylvain eligi\u00f3 echar ra\u00edces en Uvita, cerca del renombrado Parque Nacional Isla del Ca\u00f1o. All\u00ed, descubri\u00f3 el mundo del buceo libre: su serenidad, sus desaf\u00edos y sus profundos beneficios tanto para el cuerpo como para el alma. <\/p>\t\t\t\t\t\t\t\t<\/div>\n\t\t\t\t<\/div>\n\t\t\t\t\t<\/div>\n\t\t\t\t<\/div>\n\t\t<div class=\"elementor-element elementor-element-61fc6e6 e-flex e-con-boxed e-con e-parent\" data-id=\"61fc6e6\" data-element_type=\"container\" data-e-type=\"container\" data-settings=\"{&quot;jet_parallax_layout_list&quot;:[]}\">\n\t\t\t\t\t<div class=\"e-con-inner\">\n\t\t<div class=\"elementor-element elementor-element-42a2787 e-con-full e-flex e-con e-child\" data-id=\"42a2787\" data-element_type=\"container\" data-e-type=\"container\" data-settings=\"{&quot;jet_parallax_layout_list&quot;:[]}\">\n\t\t\t\t<div class=\"elementor-element elementor-element-7d6ab06 elementor-widget elementor-widget-heading\" data-id=\"7d6ab06\" data-element_type=\"widget\" data-e-type=\"widget\" data-widget_type=\"heading.default\">\n\t\t\t\t\t<h2 class=\"elementor-heading-title elementor-size-default\">Charline<\/h2>\t\t\t\t<\/div>\n\t\t\t\t<div class=\"elementor-element elementor-element-082fb65 elementor-widget elementor-widget-image\" data-id=\"082fb65\" data-element_type=\"widget\" data-e-type=\"widget\" data-widget_type=\"image.default\">\n\t\t\t\t\t\t\t\t\t\t\t\t\t\t\t<img decoding=\"async\" width=\"800\" height=\"534\" src=\"https:\/\/freediving-uvita.com\/wp-content\/uploads\/2025\/11\/DSC8182-1024x683.jpg\" class=\"attachment-large size-large wp-image-11817\" alt=\"\" srcset=\"https:\/\/freediving-uvita.com\/wp-content\/uploads\/2025\/11\/DSC8182-1024x683.jpg 1024w, https:\/\/freediving-uvita.com\/wp-content\/uploads\/2025\/11\/DSC8182-300x200.jpg 300w, https:\/\/freediving-uvita.com\/wp-content\/uploads\/2025\/11\/DSC8182-768x512.jpg 768w, https:\/\/freediving-uvita.com\/wp-content\/uploads\/2025\/11\/DSC8182-1536x1024.jpg 1536w, https:\/\/freediving-uvita.com\/wp-content\/uploads\/2025\/11\/DSC8182-2048x1365.jpg 2048w\" sizes=\"(max-width: 800px) 100vw, 800px\" \/>\t\t\t\t\t\t\t\t\t\t\t\t\t\t\t<\/div>\n\t\t\t\t<\/div>\n\t\t<div class=\"elementor-element elementor-element-d0aee14 e-con-full e-flex e-con e-child\" data-id=\"d0aee14\" data-element_type=\"container\" data-e-type=\"container\" data-settings=\"{&quot;jet_parallax_layout_list&quot;:[]}\">\n\t\t\t\t<div class=\"elementor-element elementor-element-6088619 elementor-widget__width-initial elementor-widget elementor-widget-text-editor\" data-id=\"6088619\" data-element_type=\"widget\" data-e-type=\"widget\" data-widget_type=\"text-editor.default\">\n\t\t\t\t\t\t\t\t\t<p>Creci\u00f3 en <b>Francia<\/b>, cerca de las monta\u00f1as, y siempre se sinti\u00f3<b> atra\u00edda por el agua<\/b>. Se volvi\u00f3 adicta al agua salada desde la primera vez que nad\u00f3 en el mar, a los 17 a\u00f1os.<\/p><p>A los 20 a\u00f1os, nuestra sirena decidi\u00f3 alejarse de su pa\u00eds natal tras finalizar sus <b>estudios <\/b>en educaci\u00f3n <b>f\u00edsica adaptada<\/b>, y se qued\u00f3 en <b>Australia <\/b>durante<b> tres a\u00f1os<\/b> para explorar todo el territorio.<\/p><p>Al principio, trabajaba en granjas para obtener su visa del segundo a\u00f1o. Pero Charline nunca estuvo lejos de la costa. Durante su segundo a\u00f1o all\u00ed, encontr\u00f3 trabajo en un <b>barco de vida a bordo<\/b> dedicado al <b>buceo<\/b>. Pod\u00eda bucear todos los d\u00edas mientras trabajaba, \u00a1lo cual fue una revelaci\u00f3n!   <\/p><p>Al regresar a Francia despu\u00e9s de esos a\u00f1os, no se ve\u00eda viviendo all\u00ed nuevamente y decidi\u00f3 <b>seguir <\/b>su <b>intuici\u00f3n <\/b>y a su pareja Sylvain hacia <b>Costa Rica.<\/b><\/p><p>Muy pronto, Charline descubri\u00f3 los <b>beneficios del buceo libre <\/b>y ya sent\u00eda el deseo de <b>compartir <\/b>sus <b>conocimientos <\/b>con los <b>dem\u00e1s<\/b>.<\/p><p>Ahora es instructora y est\u00e1 emocionada por contarte todo sobre <b>el mundo del buceo libre.<\/b><\/p>\t\t\t\t\t\t\t\t<\/div>\n\t\t\t\t<\/div>\n\t\t\t\t\t<\/div>\n\t\t\t\t<\/div>\n\t\t<div class=\"elementor-element elementor-element-56e3edb e-flex e-con-boxed e-con e-parent\" data-id=\"56e3edb\" data-element_type=\"container\" data-e-type=\"container\" data-settings=\"{&quot;jet_parallax_layout_list&quot;:[]}\">\n\t\t\t\t\t<div class=\"e-con-inner\">\n\t\t<div class=\"elementor-element elementor-element-0cefbd5 e-con-full e-flex e-con e-child\" data-id=\"0cefbd5\" data-element_type=\"container\" data-e-type=\"container\" data-settings=\"{&quot;jet_parallax_layout_list&quot;:[]}\">\n\t\t\t\t<div class=\"elementor-element elementor-element-6cff28e elementor-widget elementor-widget-heading\" data-id=\"6cff28e\" data-element_type=\"widget\" data-e-type=\"widget\" data-widget_type=\"heading.default\">\n\t\t\t\t\t<h2 class=\"elementor-heading-title elementor-size-default\">Hans<\/h2>\t\t\t\t<\/div>\n\t\t\t\t<div class=\"elementor-element elementor-element-1297ee9 elementor-widget elementor-widget-image\" data-id=\"1297ee9\" data-element_type=\"widget\" data-e-type=\"widget\" data-widget_type=\"image.default\">\n\t\t\t\t\t\t\t\t\t\t\t\t\t\t\t<img decoding=\"async\" width=\"683\" height=\"1024\" src=\"https:\/\/freediving-uvita.com\/wp-content\/uploads\/2025\/09\/Imagen-de-WhatsApp-2025-09-07-a-las-21.11.16_dc4c59f2-683x1024.jpg\" class=\"attachment-large size-large wp-image-11301\" alt=\"\" srcset=\"https:\/\/freediving-uvita.com\/wp-content\/uploads\/2025\/09\/Imagen-de-WhatsApp-2025-09-07-a-las-21.11.16_dc4c59f2-683x1024.jpg 683w, https:\/\/freediving-uvita.com\/wp-content\/uploads\/2025\/09\/Imagen-de-WhatsApp-2025-09-07-a-las-21.11.16_dc4c59f2-200x300.jpg 200w, https:\/\/freediving-uvita.com\/wp-content\/uploads\/2025\/09\/Imagen-de-WhatsApp-2025-09-07-a-las-21.11.16_dc4c59f2-768x1152.jpg 768w, https:\/\/freediving-uvita.com\/wp-content\/uploads\/2025\/09\/Imagen-de-WhatsApp-2025-09-07-a-las-21.11.16_dc4c59f2-1024x1536.jpg 1024w, https:\/\/freediving-uvita.com\/wp-content\/uploads\/2025\/09\/Imagen-de-WhatsApp-2025-09-07-a-las-21.11.16_dc4c59f2-1365x2048.jpg 1365w, https:\/\/freediving-uvita.com\/wp-content\/uploads\/2025\/09\/Imagen-de-WhatsApp-2025-09-07-a-las-21.11.16_dc4c59f2-scaled.jpg 1707w\" sizes=\"(max-width: 683px) 100vw, 683px\" \/>\t\t\t\t\t\t\t\t\t\t\t\t\t\t\t<\/div>\n\t\t\t\t<\/div>\n\t\t<div class=\"elementor-element elementor-element-81946df e-con-full e-flex e-con e-child\" data-id=\"81946df\" data-element_type=\"container\" data-e-type=\"container\" data-settings=\"{&quot;jet_parallax_layout_list&quot;:[]}\">\n\t\t\t\t<div class=\"elementor-element elementor-element-4966fd4 elementor-widget__width-initial elementor-widget elementor-widget-text-editor\" data-id=\"4966fd4\" data-element_type=\"widget\" data-e-type=\"widget\" data-widget_type=\"text-editor.default\">\n\t\t\t\t\t\t\t\t\t<p><b>Instructor de FDU<\/b><\/p><p>Juez de AIDA, buzo de seguridad en competencias, instructora y atleta de alto rendimiento del equipo nacional de apnea de Costa Rica, estableciendo r\u00e9cords nacionales en diversas disciplinas.<\/p><p>Naci\u00f3 y creci\u00f3 en las monta\u00f1as del oeste de San Jos\u00e9, en un peque\u00f1o pueblo llamado Ciudad Col\u00f3n. Apasionado por la naturaleza y la conservaci\u00f3n, siempre ha sentido un profundo llamado hacia el oc\u00e9ano. <\/p><p>Comenz\u00f3 su camino en el mundo submarino como instructor de buceo y vide\u00f3grafo, lo que le brind\u00f3 la oportunidad de viajar, explorar y documentar numerosos lugares en ambas costas de Costa Rica.<\/p><p>Paralelamente, su carrera como dise\u00f1ador y constructor de estructuras naturales con piedra, bamb\u00fa y madera le permite inspirar a otros a conservar, proteger y disfrutar de la naturaleza, del planeta y, en especial, de Costa Rica.<\/p><p>Convencido espiritualmente de que siempre existe otra oportunidad, sin importar las circunstancias, est\u00e1 agradecido con Dios por el privilegio de representar y enaltecer el nombre de Costa Rica a pesar de los desaf\u00edos en el camino, y por haberse convertido en la persona que es hoy.<\/p><p>Actualmente vive en la Pen\u00ednsula de Osa, donde el oc\u00e9ano lo invita cada d\u00eda a sumergirse libremente en sus profundidades para conocerse a s\u00ed mismo, buscar su propio alimento y compartir sus conocimientos, as\u00ed como los beneficios que ofrece el buceo libre con muchos otros entusiastas. Se esfuerza cada d\u00eda por hacer de este mundo un lugar mejor para vivir, una respiraci\u00f3n a la vez. <\/p>\t\t\t\t\t\t\t\t<\/div>\n\t\t\t\t<\/div>\n\t\t\t\t\t<\/div>\n\t\t\t\t<\/div>\n\t\t<div class=\"elementor-element elementor-element-aaead55 e-flex e-con-boxed e-con e-parent\" data-id=\"aaead55\" data-element_type=\"container\" data-e-type=\"container\" data-settings=\"{&quot;jet_parallax_layout_list&quot;:[]}\">\n\t\t\t\t\t<div class=\"e-con-inner\">\n\t\t<div class=\"elementor-element elementor-element-eca6376 e-con-full e-flex e-con e-child\" data-id=\"eca6376\" data-element_type=\"container\" data-e-type=\"container\" data-settings=\"{&quot;jet_parallax_layout_list&quot;:[]}\">\n\t\t\t\t<div class=\"elementor-element elementor-element-ea6a614 elementor-widget elementor-widget-heading\" data-id=\"ea6a614\" data-element_type=\"widget\" data-e-type=\"widget\" data-widget_type=\"heading.default\">\n\t\t\t\t\t<h2 class=\"elementor-heading-title elementor-size-default\">Greybi<\/h2>\t\t\t\t<\/div>\n\t\t\t\t<div class=\"elementor-element elementor-element-e34bb13 elementor-widget elementor-widget-image\" data-id=\"e34bb13\" data-element_type=\"widget\" data-e-type=\"widget\" data-widget_type=\"image.default\">\n\t\t\t\t\t\t\t\t\t\t\t\t\t\t\t<img loading=\"lazy\" decoding=\"async\" width=\"683\" height=\"1024\" src=\"https:\/\/freediving-uvita.com\/wp-content\/uploads\/2025\/11\/Imagen-de-WhatsApp-2025-11-12-a-las-14.00.16_135216bd-683x1024.jpg\" class=\"attachment-large size-large wp-image-11900\" alt=\"\" srcset=\"https:\/\/freediving-uvita.com\/wp-content\/uploads\/2025\/11\/Imagen-de-WhatsApp-2025-11-12-a-las-14.00.16_135216bd-683x1024.jpg 683w, https:\/\/freediving-uvita.com\/wp-content\/uploads\/2025\/11\/Imagen-de-WhatsApp-2025-11-12-a-las-14.00.16_135216bd-200x300.jpg 200w, https:\/\/freediving-uvita.com\/wp-content\/uploads\/2025\/11\/Imagen-de-WhatsApp-2025-11-12-a-las-14.00.16_135216bd-768x1151.jpg 768w, https:\/\/freediving-uvita.com\/wp-content\/uploads\/2025\/11\/Imagen-de-WhatsApp-2025-11-12-a-las-14.00.16_135216bd.jpg 854w\" sizes=\"(max-width: 683px) 100vw, 683px\" \/>\t\t\t\t\t\t\t\t\t\t\t\t\t\t\t<\/div>\n\t\t\t\t<\/div>\n\t\t<div class=\"elementor-element elementor-element-9631cf3 e-con-full e-flex e-con e-child\" data-id=\"9631cf3\" data-element_type=\"container\" data-e-type=\"container\" data-settings=\"{&quot;jet_parallax_layout_list&quot;:[]}\">\n\t\t\t\t<div class=\"elementor-element elementor-element-20af26b elementor-widget__width-initial elementor-widget elementor-widget-text-editor\" data-id=\"20af26b\" data-element_type=\"widget\" data-e-type=\"widget\" data-widget_type=\"text-editor.default\">\n\t\t\t\t\t\t\t\t\t<p>Greybi, nuestro capit\u00e1n, creci\u00f3 en la Pen\u00ednsula de Osa y ha pasado toda su vida en el oc\u00e9ano. Aprendi\u00f3 a conducir un barco con tan solo 11 a\u00f1os y ahora cuenta con m\u00e1s de 35 a\u00f1os de experiencia navegando en las aguas del Pac\u00edfico Sur de Costa Rica. <\/p>\t\t\t\t\t\t\t\t<\/div>\n\t\t\t\t<\/div>\n\t\t\t\t\t<\/div>\n\t\t\t\t<\/div>\n\t\t<div class=\"elementor-element elementor-element-eddc54b e-flex e-con-boxed e-con e-parent\" data-id=\"eddc54b\" data-element_type=\"container\" data-e-type=\"container\" data-settings=\"{&quot;jet_parallax_layout_list&quot;:[]}\">\n\t\t\t\t\t<div class=\"e-con-inner\">\n\t\t<div class=\"elementor-element elementor-element-99b143e e-con-full e-flex e-con e-child\" data-id=\"99b143e\" data-element_type=\"container\" data-e-type=\"container\" data-settings=\"{&quot;jet_parallax_layout_list&quot;:[]}\">\n\t\t\t\t<div class=\"elementor-element elementor-element-e05fb05 elementor-widget elementor-widget-image\" data-id=\"e05fb05\" data-element_type=\"widget\" data-e-type=\"widget\" data-widget_type=\"image.default\">\n\t\t\t\t\t\t\t\t\t\t\t\t\t\t\t<img loading=\"lazy\" decoding=\"async\" width=\"800\" height=\"449\" src=\"https:\/\/freediving-uvita.com\/wp-content\/uploads\/2025\/09\/Imagen-de-WhatsApp-2025-09-28-a-las-07.48.48_77c42d0b-1024x575.jpg\" class=\"attachment-large size-large wp-image-11392\" alt=\"\" srcset=\"https:\/\/freediving-uvita.com\/wp-content\/uploads\/2025\/09\/Imagen-de-WhatsApp-2025-09-28-a-las-07.48.48_77c42d0b-1024x575.jpg 1024w, https:\/\/freediving-uvita.com\/wp-content\/uploads\/2025\/09\/Imagen-de-WhatsApp-2025-09-28-a-las-07.48.48_77c42d0b-300x169.jpg 300w, https:\/\/freediving-uvita.com\/wp-content\/uploads\/2025\/09\/Imagen-de-WhatsApp-2025-09-28-a-las-07.48.48_77c42d0b-768x432.jpg 768w, https:\/\/freediving-uvita.com\/wp-content\/uploads\/2025\/09\/Imagen-de-WhatsApp-2025-09-28-a-las-07.48.48_77c42d0b.jpg 1210w\" sizes=\"(max-width: 800px) 100vw, 800px\" \/>\t\t\t\t\t\t\t\t\t\t\t\t\t\t\t<\/div>\n\t\t\t\t<\/div>\n\t\t<div class=\"elementor-element elementor-element-2a2ea86 e-con-full e-flex e-con e-child\" data-id=\"2a2ea86\" data-element_type=\"container\" data-e-type=\"container\" data-settings=\"{&quot;jet_parallax_layout_list&quot;:[]}\">\n\t\t\t\t<div class=\"elementor-element elementor-element-896d2ea elementor-widget__width-initial elementor-widget elementor-widget-heading\" data-id=\"896d2ea\" data-element_type=\"widget\" data-e-type=\"widget\" data-widget_type=\"heading.default\">\n\t\t\t\t\t<div class=\"elementor-heading-title elementor-size-default\">Bote<\/div>\t\t\t\t<\/div>\n\t\t\t\t<div class=\"elementor-element elementor-element-4fa45bd elementor-widget elementor-widget-text-editor\" data-id=\"4fa45bd\" data-element_type=\"widget\" data-e-type=\"widget\" data-widget_type=\"text-editor.default\">\n\t\t\t\t\t\t\t\t\t<p data-path-to-node=\"0\">Pura Vida yo soy \u00abLa Pipa Loca\u00bb el bote de aventura oficial de Freediving-Uvita! <\/p><p data-path-to-node=\"1\">Olv\u00eddate de los tours aburridos; soy tu entrada al verdadero lado salvaje de Uvita, Costa Rica.<br>\u00bfMis especialidades? Soy experto encontrando gigantes (Avistamiento de Ballenas), llevo a los apne\u00edstas a mundos submarinos silenciosos (Freediving) y conozco todos los puntos secretos para pescar la cena (Pesca Submarina)  <\/p>\t\t\t\t\t\t\t\t<\/div>\n\t\t\t\t<\/div>\n\t\t\t\t\t<\/div>\n\t\t\t\t<\/div>\n\t\t\t\t<\/div>\n\t\t","protected":false},"excerpt":{"rendered":"<p>Nuestra Misi\u00f3n En Freediving Uvita, la seguridad est\u00e1 en el coraz\u00f3n de todo lo que hacemos. Nuestra misi\u00f3n es apoyar el crecimiento responsable del buceo libre en Costa Rica mientras construimos una comunidad fuerte y conectada en Uvita y m\u00e1s all\u00e1. Creemos en crear un impacto real, desde ense\u00f1ar a las personas a sentirse confiadas [&hellip;]<\/p>\n","protected":false},"author":1,"featured_media":0,"parent":0,"menu_order":0,"comment_status":"closed","ping_status":"closed","template":"","meta":{"footnotes":""},"class_list":["post-11296","page","type-page","status-publish","hentry"],"_hostinger_reach_plugin_has_subscription_block":false,"_hostinger_reach_plugin_is_elementor":false,"_links":{"self":[{"href":"https:\/\/freediving-uvita.com\/es\/wp-json\/wp\/v2\/pages\/11296","targetHints":{"allow":["GET"]}}],"collection":[{"href":"https:\/\/freediving-uvita.com\/es\/wp-json\/wp\/v2\/pages"}],"about":[{"href":"https:\/\/freediving-uvita.com\/es\/wp-json\/wp\/v2\/types\/page"}],"author":[{"embeddable":true,"href":"https:\/\/freediving-uvita.com\/es\/wp-json\/wp\/v2\/users\/1"}],"replies":[{"embeddable":true,"href":"https:\/\/freediving-uvita.com\/es\/wp-json\/wp\/v2\/comments?post=11296"}],"version-history":[{"count":9,"href":"https:\/\/freediving-uvita.com\/es\/wp-json\/wp\/v2\/pages\/11296\/revisions"}],"predecessor-version":[{"id":12339,"href":"https:\/\/freediving-uvita.com\/es\/wp-json\/wp\/v2\/pages\/11296\/revisions\/12339"}],"wp:attachment":[{"href":"https:\/\/freediving-uvita.com\/es\/wp-json\/wp\/v2\/media?parent=11296"}],"curies":[{"name":"wp","href":"https:\/\/api.w.org\/{rel}","templated":true}]}}